{"id":2005,"date":"2020-08-17T17:38:04","date_gmt":"2020-08-17T17:38:04","guid":{"rendered":"https:\/\/valdelaguacaravanpark.com\/?page_id=2005"},"modified":"2020-08-17T18:10:54","modified_gmt":"2020-08-17T18:10:54","slug":"iglesia-parroquial-de-santa-maria-magdalena","status":"publish","type":"page","link":"https:\/\/valdelaguacaravanpark.com\/index.php\/iglesia-parroquial-de-santa-maria-magdalena\/","title":{"rendered":"IGLESIA PARROQUIAL DE SANTA MARIA MAGDALENA"},"content":{"rendered":"<div class=\"wpb-content-wrapper\"><p>[vc_row][vc_column][vc_tta_tabs][vc_tta_section title=\u00bbEspa\u00f1ol\u00bb tab_id=\u00bb1597685413397-cede9a3c-5aeb\u00bb][vc_column_text]<\/p>\n<audio class=\"wp-audio-shortcode\" id=\"audio-2005-1\" preload=\"none\" style=\"width: 100%;\" controls=\"controls\"><source type=\"audio\/mpeg\" src=\"https:\/\/valdelaguacaravanpark.com\/wp-content\/uploads\/2020\/08\/1_QR_iglesia_ES.mp3?_=1\" \/><a href=\"https:\/\/valdelaguacaravanpark.com\/wp-content\/uploads\/2020\/08\/1_QR_iglesia_ES.mp3\">https:\/\/valdelaguacaravanpark.com\/wp-content\/uploads\/2020\/08\/1_QR_iglesia_ES.mp3<\/a><\/audio>\n<p>Se desconoce el origen exacto de la construcci\u00f3n de la iglesia parroquial de <strong>Santa Mar\u00eda Madalena<\/strong>, pero se adscribe al <strong>estilo g\u00f3tico-renacentista<\/strong>, de mediados del s. XVI, por su cabecera prism\u00e1tica, los contrafuertes de los muros, los detalles decorativos del interior y por estar cubierta por b\u00f3veda estrellada.<\/p>\n<p>De una sola nave y con el crucero poco resaltado, conserva una original <strong>capilla g\u00f3tica<\/strong> con b\u00f3veda de crucer\u00eda entre el presbiterio y el crucero en el lado del evangelio, que corresponde al origen constructivo del templo. La nave principal se cubre con <strong>b\u00f3veda estrellada<\/strong> que probablemente sustituye a la original de crucer\u00eda, como se advierte en la sobreelevaci\u00f3n de los muros exteriores.\u00a0 Inicialmente la puerta de acceso se situar\u00eda a los pies de la iglesia pero se suprimi\u00f3 al levantar <strong>la torre<\/strong> en el muro occidental y se abri\u00f3 una nueva, bajo p\u00f3rtico, en el lado sur, por la que actualmente se accede al templo. Desde el interior todav\u00eda se distingue la traza de un gran \u00f3culo que estar\u00eda situado sobre la entrada de los pies. Poco posterior a la torre es la actual <strong>sacrist\u00eda<\/strong>, adosada al lado sur de la iglesia.<\/p>\n<p>El <strong>retablo mayor<\/strong> es de trazas <strong>romanistas<\/strong>, de la mitad del s. XVII, en que intervinieron dos pintores: uno hizo los lienzos principales, de S. Pedro y S. Pablo, en colores fr\u00edos y \u00e1cidos y otro las pinturas menores, de maneras m\u00e1s italianizantes. Los retablos del crucero son plenamente barrocos, destacando dos buenas pinturas de <strong>Santa B\u00e1rbara y San Isidro<\/strong>. El retablo de <strong>S. Jos\u00e9 con el Ni\u00f1o Jes\u00fas<\/strong> contiene una talla de ambos trabajada con excepcional dinamismo y colorido. <strong>El Cristo del Consuelo<\/strong> es otro singular ejemplo de dramatismo barroco, muy del gusto de la religiosa piedad rural.[\/vc_column_text][\/vc_tta_section][vc_tta_section title=\u00bbIngl\u00e9s\u00bb tab_id=\u00bb1597685413409-c592bd82-245a\u00bb][vc_column_text]<\/p>\n<audio class=\"wp-audio-shortcode\" id=\"audio-2005-2\" preload=\"none\" style=\"width: 100%;\" controls=\"controls\"><source type=\"audio\/mpeg\" src=\"https:\/\/valdelaguacaravanpark.com\/wp-content\/uploads\/2020\/08\/2_QR_iglesia_ENG.mp3?_=2\" \/><a href=\"https:\/\/valdelaguacaravanpark.com\/wp-content\/uploads\/2020\/08\/2_QR_iglesia_ENG.mp3\">https:\/\/valdelaguacaravanpark.com\/wp-content\/uploads\/2020\/08\/2_QR_iglesia_ENG.mp3<\/a><\/audio>\n<p>The exact origin of the construction of the parochial church Santa Maria Magdalena, is unknown, but it is attributed to the gothic-renaissance style from mid-sixteenth century, this is shown by its prismatic head, the walls\u2019 buttresses, the internal details from the decoration and the starred vault that covers the interior.<\/p>\n<p>The structure consists of a single nave and an under-accentuated transept. The building preserves the original gothic chapel with a ribbed vault, between the presbytery and the transept by the gospel\u2019s side, that corresponds with the temple\u2019s original construction. The main nave is covered by a starred vault that replaces the original ribbed one, which is noticeable due to the elevation on the exterior wall. Originally, the main entrance would have been situated at the foot of the church but it was covered as the tower on the occidental wall was built and a new entry was opened, under a portico, on the south side. That has, since then, become the access to the temple. From the inside, the trace of a big oculus can be distinguished where the old entry would have been located. Subsequent to the tower is the current sacristy, adhered to the south side of the church.<\/p>\n<p>&nbsp;<\/p>\n<p>The main altarpiece has romanist traces, from min-seventeenth century, on which two painters intervened. One painted the main linens, of S. Pedro and S. Pablo, using cold and acid colours while the other created the minor paintings that show some italianate ways. The transept\u2019s tableaus are entirely baroque, two fine paintings of Santa Barbara and San Isidro stand out. The altarpiece of San Jose with baby Jesus contains a sculpture of both their figures crafted with outstanding dynamism and coloration. The Cristo del Consuelo is another singular example of baroque exaggeration aligning with the religious rural stone.[\/vc_column_text][\/vc_tta_section][vc_tta_section title=\u00bbItaliano\u00bb tab_id=\u00bb1597685451014-d840fd2f-a4db\u00bb][vc_column_text]<\/p>\n<audio class=\"wp-audio-shortcode\" id=\"audio-2005-3\" preload=\"none\" style=\"width: 100%;\" controls=\"controls\"><source type=\"audio\/mpeg\" src=\"https:\/\/valdelaguacaravanpark.com\/wp-content\/uploads\/2020\/08\/13_QR_iglesia_IT.mp3?_=3\" \/><a href=\"https:\/\/valdelaguacaravanpark.com\/wp-content\/uploads\/2020\/08\/13_QR_iglesia_IT.mp3\">https:\/\/valdelaguacaravanpark.com\/wp-content\/uploads\/2020\/08\/13_QR_iglesia_IT.mp3<\/a><\/audio>\n<p>Le dimensioni ridotte della cittadina di Valdelagua contrastano con la generosa presenza della sua chiesa, che si staglia contro l&#8217;insieme variegato di tetti. Costruito sotto la protezione dell&#8217;importante sviluppo economico e sociale della vecchia Castiglia nel primo Rinascimento, \u00e8 molto simile al resto delle parrocchie popolari del momento: un&#8217;unica navata con elementi decorativi del periodo tardo gotico, alcuni gi\u00e0 completamente rinascimentali, come le volte stellate dei tetti. Questa navata della chiesa di Valdelagua aveva una copertina precedente ma, poich\u00e9 collass\u00f2, venne ricostruita con le decorazioni pi\u00f9 attuali. Successivamente fu aggiunto un ingresso con un portico a sud e la torre venne alzata e, pi\u00f9 tardi ancora, venne costruitala sagrestia. All&#8217;interno spicca la pala d&#8217;altare principale, dove presiede una scultura della Maddalena incompleto stile romanista. Le grandi tele di San Pietro e San Paolo sono sorprendenti, con colori freddi e acidi, che contrastano con il resto dei dipinti, molto pi\u00f9 caldi nei colori e in uno stile italiano di imitazione. Una delle tele sulla panca rappresenta l&#8217;adorazione dei Magi ed \u00e8 dipinta con forti contrasti di luce che imitano i tessuti di Georges de la Tour. Vi sono altre quattro pale d&#8217;altare sul transetto, tutte del XVIII secolo: il Santo Cristo della Consolazione, Sant&#8217;Antonio di Padova, la Vergine del Rosario e la chiamata di San Giuseppe, che potrebbe altrettanto essere un pellegrino Santiago con il Bambino Ges\u00f9. Le dimensioni e le tele sono molto notevoli e tra tutte si distingue quelle di San Giuseppe per l&#8217;eccellente dinamismo delle pieghe della veste e il ritmo generale della figura.<\/p>\n<p>&nbsp;<\/p>\n<p><strong>L&#8217;Ermo di &#8216;Los Santos&#8217;.<\/strong><\/p>\n<p>&nbsp;<\/p>\n<p>Nella campagna, ma immediatamente accanto alla cittadina, si erge l&#8217;eremo di San Rocco e San Sebastiano, noto per &#8216;Los Santos&#8217;. \u00c8 un notevole esempio di architettura rurale a Soria, semplice nell&#8217;aspetto e nello stile rustico, realizzato in muratura e senza elementi decorativi. Possiede una sola navata, con un ingresso sulla parete sud e, ancora una volta, protetta da un portico. All\u2019interno, invece, non c&#8217;\u00e8 nulla che meriti di essere messo in evidenza, fatta eccezione per la pala d&#8217;altare. \u00c8 incorniciata da un&#8217;enorme tenda dipinta che ricorda la bocca di un teatroche apre su un ricco apparato decorativo di foglie di acanto, teste di angeli, palmette, rulli e altri elementi vegetali, senza perdere le colonne Solomoniche necessarie in ogni pala d&#8217;altare barocca. \u00c8 una pala d&#8217;altare duplex, con due nicchie che ospitano le figure dei santi titolari, di dimensioni modeste ma di fattura molto notevole, in cui la colorazione generale si distingue per l&#8217;intensit\u00e0 della sua gamma cromatica, anche se oggi un po\u2019 sbiadita a causa del passare del tempo. Spiccano l&#8217;ensemble delle immagini di San Sebastiano e San Rocco, realizzate da uno scultore di grande talento artistico, classicista ma pieno di movimento e possibilmente davanti alla pala d&#8217;altare, in cui lo stile barocco raggiunge la sua massima espressione.[\/vc_column_text][\/vc_tta_section][vc_tta_section title=\u00bbAlem\u00e1n\u00bb tab_id=\u00bb1597686104516-fc93a193-a367&#8243;][vc_column_text]<\/p>\n<audio class=\"wp-audio-shortcode\" id=\"audio-2005-4\" preload=\"none\" style=\"width: 100%;\" controls=\"controls\"><source type=\"audio\/mpeg\" src=\"https:\/\/valdelaguacaravanpark.com\/wp-content\/uploads\/2020\/08\/11_QR_iglesia_AL.mp3?_=4\" \/><a href=\"https:\/\/valdelaguacaravanpark.com\/wp-content\/uploads\/2020\/08\/11_QR_iglesia_AL.mp3\">https:\/\/valdelaguacaravanpark.com\/wp-content\/uploads\/2020\/08\/11_QR_iglesia_AL.mp3<\/a><\/audio>\n<p>[\/vc_column_text][\/vc_tta_section][vc_tta_section title=\u00bbRuso\u00bb tab_id=\u00bb1597686106498-1068c814-d390&#8243;][vc_column_text]<\/p>\n<audio class=\"wp-audio-shortcode\" id=\"audio-2005-5\" preload=\"none\" style=\"width: 100%;\" controls=\"controls\"><source type=\"audio\/mpeg\" src=\"https:\/\/valdelaguacaravanpark.com\/wp-content\/uploads\/2020\/08\/12_QR_iglesia_RU.mp3?_=5\" \/><a href=\"https:\/\/valdelaguacaravanpark.com\/wp-content\/uploads\/2020\/08\/12_QR_iglesia_RU.mp3\">https:\/\/valdelaguacaravanpark.com\/wp-content\/uploads\/2020\/08\/12_QR_iglesia_RU.mp3<\/a><\/audio>\n<p>[\/vc_column_text][\/vc_tta_section][\/vc_tta_tabs][\/vc_column][\/vc_row][vc_row][vc_column][vc_column_text]<\/p>\n\n\t\t<style type=\"text\/css\">\n\t\t\t#gallery-1 {\n\t\t\t\tmargin: auto;\n\t\t\t}\n\t\t\t#gallery-1 .gallery-item {\n\t\t\t\tfloat: left;\n\t\t\t\tmargin-top: 10px;\n\t\t\t\ttext-align: center;\n\t\t\t\twidth: 33%;\n\t\t\t}\n\t\t\t#gallery-1 img {\n\t\t\t\tborder: 2px solid #cfcfcf;\n\t\t\t}\n\t\t\t#gallery-1 .gallery-caption {\n\t\t\t\tmargin-left: 0;\n\t\t\t}\n\t\t\t\/* see gallery_shortcode() in wp-includes\/media.php *\/\n\t\t<\/style>\n\t\t<div id='gallery-1' class='gallery galleryid-2005 gallery-columns-3 gallery-size-thumbnail'><dl class='gallery-item'>\n\t\t\t<dt class='gallery-icon landscape'>\n\t\t\t\t<a href='https:\/\/valdelaguacaravanpark.com\/index.php\/iglesia-parroquial-de-santa-maria-magdalena\/f1160027\/'><img decoding=\"async\" width=\"150\" height=\"150\" data-src=\"https:\/\/valdelaguacaravanpark.com\/wp-content\/uploads\/2020\/08\/F1160027-150x150.jpg\" class=\"attachment-thumbnail size-thumbnail lazyload\" alt=\"\" data-srcset=\"https:\/\/valdelaguacaravanpark.com\/wp-content\/uploads\/2020\/08\/F1160027-150x150.jpg 150w, https:\/\/valdelaguacaravanpark.com\/wp-content\/uploads\/2020\/08\/F1160027-720x720.jpg 720w, https:\/\/valdelaguacaravanpark.com\/wp-content\/uploads\/2020\/08\/F1160027-300x300.jpg 300w, https:\/\/valdelaguacaravanpark.com\/wp-content\/uploads\/2020\/08\/F1160027-100x100.jpg 100w\" data-sizes=\"(max-width: 150px) 100vw, 150px\" src=\"data:image\/svg+xml;base64,PHN2ZyB3aWR0aD0iMSIgaGVpZ2h0PSIxIiB4bWxucz0iaHR0cDovL3d3dy53My5vcmcvMjAwMC9zdmciPjwvc3ZnPg==\" style=\"--smush-placeholder-width: 150px; --smush-placeholder-aspect-ratio: 150\/150;\" \/><\/a>\n\t\t\t<\/dt><\/dl><dl class='gallery-item'>\n\t\t\t<dt class='gallery-icon landscape'>\n\t\t\t\t<a href='https:\/\/valdelaguacaravanpark.com\/index.php\/iglesia-parroquial-de-santa-maria-magdalena\/dav\/'><img decoding=\"async\" width=\"150\" height=\"150\" data-src=\"https:\/\/valdelaguacaravanpark.com\/wp-content\/uploads\/2020\/08\/iglesia-150x150.jpg\" class=\"attachment-thumbnail size-thumbnail lazyload\" alt=\"\" aria-describedby=\"gallery-1-2006\" data-srcset=\"https:\/\/valdelaguacaravanpark.com\/wp-content\/uploads\/2020\/08\/iglesia-150x150.jpg 150w, https:\/\/valdelaguacaravanpark.com\/wp-content\/uploads\/2020\/08\/iglesia-720x720.jpg 720w, https:\/\/valdelaguacaravanpark.com\/wp-content\/uploads\/2020\/08\/iglesia-300x300.jpg 300w, https:\/\/valdelaguacaravanpark.com\/wp-content\/uploads\/2020\/08\/iglesia-100x100.jpg 100w\" data-sizes=\"(max-width: 150px) 100vw, 150px\" src=\"data:image\/svg+xml;base64,PHN2ZyB3aWR0aD0iMSIgaGVpZ2h0PSIxIiB4bWxucz0iaHR0cDovL3d3dy53My5vcmcvMjAwMC9zdmciPjwvc3ZnPg==\" style=\"--smush-placeholder-width: 150px; --smush-placeholder-aspect-ratio: 150\/150;\" \/><\/a>\n\t\t\t<\/dt>\n\t\t\t\t<dd class='wp-caption-text gallery-caption' id='gallery-1-2006'>\n\t\t\t\tdav\n\t\t\t\t<\/dd><\/dl>\n\t\t\t<br style='clear: both' \/>\n\t\t<\/div>\n\n<p>[\/vc_column_text][\/vc_column][\/vc_row]<\/p>\n<\/div>","protected":false},"excerpt":{"rendered":"<p>[vc_row][vc_column][vc_tta_tabs][vc_tta_section title=\u00bbEspa\u00f1ol\u00bb tab_id=\u00bb1597685413397-cede9a3c-5aeb\u00bb][vc_column_text] Se desconoce el origen exacto de la construcci\u00f3n de la iglesia parroquial de Santa Mar\u00eda Madalena, pero se adscribe al estilo g\u00f3tico-renacentista, de mediados del s. XVI, por su cabecera prism\u00e1tica, los contrafuertes de los muros, los detalles decorativos del interior y por estar cubierta por b\u00f3veda estrellada. De una sola nave [&hellip;]<\/p>\n","protected":false},"author":1,"featured_media":0,"parent":0,"menu_order":0,"comment_status":"closed","ping_status":"closed","template":"","meta":{"footnotes":""},"class_list":["post-2005","page","type-page","status-publish","hentry"],"_links":{"self":[{"href":"https:\/\/valdelaguacaravanpark.com\/index.php\/wp-json\/wp\/v2\/pages\/2005","targetHints":{"allow":["GET"]}}],"collection":[{"href":"https:\/\/valdelaguacaravanpark.com\/index.php\/wp-json\/wp\/v2\/pages"}],"about":[{"href":"https:\/\/valdelaguacaravanpark.com\/index.php\/wp-json\/wp\/v2\/types\/page"}],"author":[{"embeddable":true,"href":"https:\/\/valdelaguacaravanpark.com\/index.php\/wp-json\/wp\/v2\/users\/1"}],"replies":[{"embeddable":true,"href":"https:\/\/valdelaguacaravanpark.com\/index.php\/wp-json\/wp\/v2\/comments?post=2005"}],"version-history":[{"count":6,"href":"https:\/\/valdelaguacaravanpark.com\/index.php\/wp-json\/wp\/v2\/pages\/2005\/revisions"}],"predecessor-version":[{"id":2013,"href":"https:\/\/valdelaguacaravanpark.com\/index.php\/wp-json\/wp\/v2\/pages\/2005\/revisions\/2013"}],"wp:attachment":[{"href":"https:\/\/valdelaguacaravanpark.com\/index.php\/wp-json\/wp\/v2\/media?parent=2005"}],"curies":[{"name":"wp","href":"https:\/\/api.w.org\/{rel}","templated":true}]}}